{"id":3259,"date":"2025-04-04T11:22:59","date_gmt":"2025-04-04T11:22:59","guid":{"rendered":"https:\/\/cupprintdev.wpenginepowered.com\/product\/ice-cream-cups\/"},"modified":"2025-10-07T07:49:05","modified_gmt":"2025-10-07T07:49:05","slug":"ice-cream-cups","status":"publish","type":"product","link":"https:\/\/cupprintdev.wpenginepowered.com\/de\/product\/ice-cream-cups\/","title":{"rendered":"Ice Cream Cups"},"content":{"rendered":"<h2>Individuelle Becher, die jede Portion unvergesslich machen<\/h2>\n<p>Servieren Sie Ihre Leckereien stilvoll mit unseren individuell bedruckten Eisbechern \u2013 gestaltet, um Ihre Marke bei jeder Bestellung zu st\u00e4rken. Mit hochaufl\u00f6sendem, vollfarbigem Druck kommt Ihr Logo oder Design hervorragend zur Geltung und verwandelt selbst eine kleine Portion in einen starken Markenmoment. Perfekt f\u00fcr Eis, Frozen Yogurt, Snacks oder S\u00fc\u00dfigkeiten bieten diese stabilen Becher Vielseitigkeit sowie ein gepflegtes, professionelles Erscheinungsbild.<\/p>\n<p>Erh\u00e4ltlich in vier Gr\u00f6\u00dfen von 5\u202foz bis 16\u202foz, eignen sich diese einwandigen Kartonbecher ideal f\u00fcr Dessertbars, Caf\u00e9s und Veranstaltungen aller Art.<\/p>\n<h2>Schnelle, flexible &amp; nachhaltige Optionen<\/h2>\n<p>W\u00e4hlen Sie zwischen regul\u00e4ren, zertifiziert recycelbaren oder zertifiziert kompostierbaren Varianten, je nach Bedarf und Unternehmenswerten. Mit einer niedrigen Mindestbestellmenge von nur 1.000 St\u00fcck und einer schnellen Bearbeitungszeit von 15 Arbeitstagen sind diese Eisbecher perfekt, egal ob Sie eine neue Marke einf\u00fchren oder Ihr bestehendes Sortiment erweitern.<\/p>\n<p>Lassen Sie unser Team Ihnen helfen, das perfekte individuelle Design zu erstellen, das Ihre Pers\u00f6nlichkeit einf\u00e4ngt und Ihr Branding in den Vordergrund stellt.<\/p>\n","protected":false},"excerpt":{"rendered":"<p>Individuelle Becher, die jede Portion unvergesslich machen Servieren Sie Ihre Leckereien stilvoll mit unseren individuell bedruckten Eisbechern \u2013 gestaltet, um Ihre Marke bei jeder Bestellung zu st\u00e4rken. Mit hochaufl\u00f6sendem, vollfarbigem Druck kommt Ihr Logo oder Design hervorragend zur Geltung und verwandelt selbst eine kleine Portion in einen starken Markenmoment. Perfekt f\u00fcr Eis, Frozen Yogurt, Snacks [&hellip;]<\/p>\n","protected":false},"featured_media":1327,"comment_status":"closed","ping_status":"closed","template":"","meta":{"_acf_changed":false,"inline_featured_image":false},"product-type":[],"product_brand":[],"product_cat":[175],"product_tag":[],"class_list":{"0":"post-3259","1":"product","2":"type-product","3":"status-publish","4":"has-post-thumbnail","6":"product_cat-nicht-kategorisiert","7":"pa_finishes-glanz","8":"pa_finishes-matt-de","9":"pa_material-kompostierbare","10":"pa_material-recyclebarer","11":"pa_material-regular-de","12":"pa_size-12oz-de","13":"pa_size-16oz-de","14":"pa_size-4oz-de","15":"pa_size-5oz-de","16":"pa_size-8oz-de","17":"pa_special-finishes-colour-changing-inks-de","18":"pa_special-finishes-cut-out-windows-de","19":"pa_special-finishes-embossed-de","20":"pa_special-finishes-metallic-text-de","21":"pa_special-finishes-musical-de","22":"pa_special-finishes-printed-base-de","23":"pa_special-finishes-pull-out-tabs-de","25":"first","26":"instock","27":"shipping-taxable","28":"purchasable","29":"product-type-variable","30":"has-default-attributes"},"acf":[],"_links":{"self":[{"href":"https:\/\/cupprintdev.wpenginepowered.com\/de\/wp-json\/wp\/v2\/product\/3259","targetHints":{"allow":["GET"]}}],"collection":[{"href":"https:\/\/cupprintdev.wpenginepowered.com\/de\/wp-json\/wp\/v2\/product"}],"about":[{"href":"https:\/\/cupprintdev.wpenginepowered.com\/de\/wp-json\/wp\/v2\/types\/product"}],"replies":[{"embeddable":true,"href":"https:\/\/cupprintdev.wpenginepowered.com\/de\/wp-json\/wp\/v2\/comments?post=3259"}],"version-history":[{"count":0,"href":"https:\/\/cupprintdev.wpenginepowered.com\/de\/wp-json\/wp\/v2\/product\/3259\/revisions"}],"wp:featuredmedia":[{"embeddable":true,"href":"https:\/\/cupprintdev.wpenginepowered.com\/de\/wp-json\/wp\/v2\/media\/1327"}],"wp:attachment":[{"href":"https:\/\/cupprintdev.wpenginepowered.com\/de\/wp-json\/wp\/v2\/media?parent=3259"}],"wp:term":[{"taxonomy":"product-type","embeddable":true,"href":"https:\/\/cupprintdev.wpenginepowered.com\/de\/wp-json\/wp\/v2\/product-type?post=3259"},{"taxonomy":"product_brand","embeddable":true,"href":"https:\/\/cupprintdev.wpenginepowered.com\/de\/wp-json\/wp\/v2\/product_brand?post=3259"},{"taxonomy":"product_cat","embeddable":true,"href":"https:\/\/cupprintdev.wpenginepowered.com\/de\/wp-json\/wp\/v2\/product_cat?post=3259"},{"taxonomy":"product_tag","embeddable":true,"href":"https:\/\/cupprintdev.wpenginepowered.com\/de\/wp-json\/wp\/v2\/product_tag?post=3259"}],"curies":[{"name":"wp","href":"https:\/\/api.w.org\/{rel}","templated":true}]}}