{"id":3117,"date":"2025-04-09T05:56:56","date_gmt":"2025-04-09T05:56:56","guid":{"rendered":"https:\/\/cupprintdev.wpenginepowered.com\/product\/coffee-cup-lids\/"},"modified":"2025-09-22T14:16:55","modified_gmt":"2025-09-22T14:16:55","slug":"coffee-cup-lids","status":"publish","type":"product","link":"https:\/\/cupprintdev.wpenginepowered.com\/de\/product\/coffee-cup-lids\/","title":{"rendered":"Coffee Cup Lids"},"content":{"rendered":"<h3>Sichere, auslaufsichere Deckel f\u00fcr Hei\u00dfgetr\u00e4nke<\/h3>\n<p>Unsere PS-Hei\u00dfgetr\u00e4nkebecherdeckel reduzieren das Auslaufen und sorgen f\u00fcr die Sicherheit Ihrer Kunden beim Genuss ihrer Hei\u00dfgetr\u00e4nke. Sie sind so konzipiert, dass sie fest auf Huhtamaki-kompatible Pappbecher passen und jederzeit sicher verschlie\u00dfen.<\/p>\n<h3>Recycelbar und in verschiedenen Gr\u00f6\u00dfen erh\u00e4ltlich<\/h3>\n<p>Diese Deckel aus recycelbarem Polystyrol unterst\u00fctzen Ihre Nachhaltigkeitsziele ohne Kompromisse bei der Qualit\u00e4t. Sie sind in Wei\u00df oder Schwarz erh\u00e4ltlich und passen auf Becher mit einem Durchmesser von 80 mm und 90 mm, sowohl ein- als auch doppelwandig.<\/p>\n","protected":false},"excerpt":{"rendered":"<p>Sichere, auslaufsichere Deckel f\u00fcr Hei\u00dfgetr\u00e4nke Unsere PS-Hei\u00dfgetr\u00e4nkebecherdeckel reduzieren das Auslaufen und sorgen f\u00fcr die Sicherheit Ihrer Kunden beim Genuss ihrer Hei\u00dfgetr\u00e4nke. Sie sind so konzipiert, dass sie fest auf Huhtamaki-kompatible Pappbecher passen und jederzeit sicher verschlie\u00dfen. Recycelbar und in verschiedenen Gr\u00f6\u00dfen erh\u00e4ltlich Diese Deckel aus recycelbarem Polystyrol unterst\u00fctzen Ihre Nachhaltigkeitsziele ohne Kompromisse bei der Qualit\u00e4t. [&hellip;]<\/p>\n","protected":false},"featured_media":3038,"comment_status":"closed","ping_status":"closed","template":"","meta":{"_acf_changed":false,"inline_featured_image":false},"product-type":[375,374],"product_brand":[],"product_cat":[175],"product_tag":[],"class_list":{"0":"post-3117","1":"product","2":"type-product","3":"status-publish","4":"has-post-thumbnail","6":"product-type-fertig-in-15-tagen","7":"product-type-recyclebarer","8":"product_cat-nicht-kategorisiert","9":"pa_colour-schwarz","10":"pa_colour-weis","11":"pa_size-80mm-de","12":"pa_size-90mm-de","14":"first","15":"instock","16":"shipping-taxable","17":"purchasable","18":"product-type-variable","19":"has-default-attributes"},"acf":[],"_links":{"self":[{"href":"https:\/\/cupprintdev.wpenginepowered.com\/de\/wp-json\/wp\/v2\/product\/3117","targetHints":{"allow":["GET"]}}],"collection":[{"href":"https:\/\/cupprintdev.wpenginepowered.com\/de\/wp-json\/wp\/v2\/product"}],"about":[{"href":"https:\/\/cupprintdev.wpenginepowered.com\/de\/wp-json\/wp\/v2\/types\/product"}],"replies":[{"embeddable":true,"href":"https:\/\/cupprintdev.wpenginepowered.com\/de\/wp-json\/wp\/v2\/comments?post=3117"}],"version-history":[{"count":0,"href":"https:\/\/cupprintdev.wpenginepowered.com\/de\/wp-json\/wp\/v2\/product\/3117\/revisions"}],"wp:featuredmedia":[{"embeddable":true,"href":"https:\/\/cupprintdev.wpenginepowered.com\/de\/wp-json\/wp\/v2\/media\/3038"}],"wp:attachment":[{"href":"https:\/\/cupprintdev.wpenginepowered.com\/de\/wp-json\/wp\/v2\/media?parent=3117"}],"wp:term":[{"taxonomy":"product-type","embeddable":true,"href":"https:\/\/cupprintdev.wpenginepowered.com\/de\/wp-json\/wp\/v2\/product-type?post=3117"},{"taxonomy":"product_brand","embeddable":true,"href":"https:\/\/cupprintdev.wpenginepowered.com\/de\/wp-json\/wp\/v2\/product_brand?post=3117"},{"taxonomy":"product_cat","embeddable":true,"href":"https:\/\/cupprintdev.wpenginepowered.com\/de\/wp-json\/wp\/v2\/product_cat?post=3117"},{"taxonomy":"product_tag","embeddable":true,"href":"https:\/\/cupprintdev.wpenginepowered.com\/de\/wp-json\/wp\/v2\/product_tag?post=3117"}],"curies":[{"name":"wp","href":"https:\/\/api.w.org\/{rel}","templated":true}]}}