{"id":2244,"date":"2023-03-22T10:05:18","date_gmt":"2023-03-22T10:05:18","guid":{"rendered":"https:\/\/cupprintdev.wpenginepowered.com\/cup-print-privacy-policy\/"},"modified":"2025-09-10T12:48:46","modified_gmt":"2025-09-10T12:48:46","slug":"cup-print-privacy-policy","status":"publish","type":"page","link":"https:\/\/cupprintdev.wpenginepowered.com\/de\/cup-print-privacy-policy\/","title":{"rendered":"Datenschutz"},"content":{"rendered":"\t\t<div data-elementor-type=\"wp-page\" data-elementor-id=\"2244\" class=\"elementor elementor-2244 elementor-3\" data-elementor-post-type=\"page\">\n\t\t\t\t<div class=\"elementor-element elementor-element-a9f7fd4 e-flex e-con-boxed e-con e-parent\" data-id=\"a9f7fd4\" data-element_type=\"container\" data-e-type=\"container\" data-settings=\"{&quot;background_background&quot;:&quot;classic&quot;}\">\n\t\t\t\t\t<div class=\"e-con-inner\">\n\t\t\t\t<div class=\"elementor-element elementor-element-1b0765f elementor-widget elementor-widget-heading\" data-id=\"1b0765f\" data-element_type=\"widget\" data-e-type=\"widget\" data-widget_type=\"heading.default\">\n\t\t\t\t<div class=\"elementor-widget-container\">\n\t\t\t\t\t<h1 class=\"elementor-heading-title elementor-size-default\">DATENSCHUTZERKL\u00c4RUNG VON CUP PRINT EUROPE<\/h1>\t\t\t\t<\/div>\n\t\t\t\t<\/div>\n\t\t\t\t<div class=\"elementor-element elementor-element-b8bd0ee elementor-widget elementor-widget-text-editor\" data-id=\"b8bd0ee\" data-element_type=\"widget\" data-e-type=\"widget\" data-widget_type=\"text-editor.default\">\n\t\t\t\t<div class=\"elementor-widget-container\">\n\t\t\t\t\t\t\t\t\t<p>(Diese Erkl\u00e4rung wurde zuletzt am 25. Oktober 2019 aktualisiert und kann jederzeit ge\u00e4ndert werden.)<\/p><h2 id=\"h-huhtamaki-cupprint-ltd-privacy\" class=\"wp-block-heading\">Datenschutz von Huhtamaki CupPrint Ltd.<\/h2><p><a href=\"https:\/\/www.huhtamaki.com\/en\/privacy-notice\/\" target=\"_blank\" rel=\"noreferrer noopener\">Bitte beachten Sie auch die Huhtamaki-Datenschutzerkl\u00e4rung<\/a><\/p><p><strong>Cup Print respektiert Ihre Privatsph\u00e4re. Auf dieser Seite erfahren Sie, welche Daten wir auf unseren Websites erheben \u2013 und zu welchem \u200b\u200bZweck. Au\u00dferdem erfahren Sie, wie Sie auf diese Informationen zugreifen oder deren L\u00f6schung beantragen k\u00f6nnen.<\/strong><\/p><h3 id=\"h-important\" class=\"wp-block-heading\">Wichtig<\/h3><p>Wenn Sie mit der Erhebung Ihrer personenbezogenen Daten (siehe unten f\u00fcr konkrete Verwendungszwecke) nicht einverstanden sind, lesen Sie bitte den Abschnitt \u201eIhre Rechte an Ihren Daten\u201c weiter unten und kontaktieren Sie uns, um Ihre Daten l\u00f6schen oder neue Daten bereitstellen zu lassen.<\/p><p>Wenn Sie uns Kontaktdaten \u00fcber Medien wie Formulare, externe Anzeigen oder Marketingtools \u00fcbermitteln, werden wir Ihre Daten nicht an Dritte verkaufen oder Sie mit Spam bel\u00e4stigen.<\/p><p><strong>Wir erfassen stets nur die Mindestmenge an Informationen, die zur Verbesserung unserer Dienstleistungen und der Bekanntheit unserer Dienstleistungen erforderlich ist.<\/strong><\/p><p>Wir sind bestrebt, nur relevante Dienstleister zu beauftragen, die die Datenschutzgesetze einhalten.<\/p><p>Wir aktualisieren diese Seite, sobald sich unsere Praktiken zur Datenerhebung und -speicherung \u00e4ndern.<\/p><h3 id=\"h-types-of-data\" class=\"wp-block-heading\">Arten von Daten<\/h3><p><strong>Was wir sammeln und warum<\/strong><\/p><p>Wenn Sie unsere Websites besuchen, k\u00f6nnen wir die folgenden Daten \u00fcber Sie erfassen und verwenden:<\/p><p><strong>Daten, die Sie in Formularen oder Popups auf unserer Website ausf\u00fcllen<\/strong> (wie Name, E-Mail-Adresse, Telefonnummer), einschlie\u00dflich, aber nicht beschr\u00e4nkt auf Daten, die Sie angeben, wenn Sie ein Angebot anfordern, uns bitten, Sie zu kontaktieren oder eine Bestellung aufgeben.<\/p><p><strong>Cookies und Pixel:<\/strong> Nach einem Besuch unserer Website werden Cookie-Dateien auf der Festplatte Ihres Computers gespeichert. Das Cookie enth\u00e4lt Informationen \u00fcber Ihr Ger\u00e4t. Pixel sind eine Tracking-Technologie, die von anderen Netzwerken \u2013 wie z. B. Social-Media-Anbietern \u2013 verwendet wird, um zu erkennen, dass Sie unsere Website besucht haben.<\/p><h3 id=\"h-use-of-data\" class=\"wp-block-heading\">Verwendung von Daten<\/h3><p>Wir nutzen die Erfassung dieser Daten, um das Benutzererlebnis auf unserer Website zu verbessern und Ihnen einen pers\u00f6nlicheren Service bieten zu k\u00f6nnen, beispielsweise personalisierte Nachrichten aus unserer Chat-Blase basierend auf der von Ihnen angezeigten Seite und Ihren Interessen. Dieses Ger\u00e4t oder damit verkn\u00fcpfte Konten (wie ein Google-Profil oder ein iCloud-Profil) k\u00f6nnen jedoch Details Ihrer Browsereinstellungen an externe Anbieter wie Social-Media-Konten weitergeben.<\/p><p>Die Erfassung dieser Cookie-Daten erm\u00f6glicht uns:<\/p><ul class=\"wp-block-list\"><li>Passen Sie Anzeigen an, die Sie auf anderen Webseiten sehen und die m\u00f6glicherweise mit den Inhalten in Zusammenhang stehen, die Sie auf unserer Website angesehen haben.<\/li><li>Sch\u00e4tzen Sie die Gr\u00f6\u00dfe, die Nutzungsmuster und die Bed\u00fcrfnisse unseres Publikums basierend auf der Browsing-Aktivit\u00e4t und der Quelle<\/li><li>Um Sie bei der R\u00fcckkehr auf unsere Website zu identifizieren (Beispielsweise erhalten Sie m\u00f6glicherweise eine Benachrichtigung mit dem Inhalt \u201eWillkommen zur\u00fcck\u201c, in der Ihnen basierend auf den von Ihnen angezeigten Seiten Hilfe bei Ihrer Suche angeboten wird \u2013 oder wenn Sie Ihre E-Mail-Adresse registriert haben, k\u00f6nnen wir Ihnen mithilfe des Cookies auf Grundlage Ihrer Browseraktivit\u00e4ten Informationen zu relevanten Themen senden, z.\u00a0B., ob Sie an \u00d6ko-Bechern oder normalen Bechern interessiert sind). Auf diese Weise m\u00f6chten wir verhindern, dass Sie Nachrichten zu anderen Teilen unseres Produktangebots erhalten, die f\u00fcr Sie m\u00f6glicherweise nicht von Interesse sind.<\/li><li>Erh\u00f6hen Sie die Geschwindigkeit Ihrer Informationssuche<\/li><li>Passen Sie Werbung an Ihre Nutzer an, indem Sie gehashte Kennungen aus E-Mail-Adressen abgleichen, um ger\u00e4te\u00fcbergreifendes Tracking f\u00fcr gezielte Werbung zu erm\u00f6glichen. Dieser Dienst wird uns \u00fcber AdRoll bereitgestellt. (<a href=\"https:\/\/www.nextroll.com\/privacy\" target=\"_blank\" rel=\"noopener\">Datenschutzrichtlinie von AdRoll<\/a> anzeigen.)<\/li><\/ul><p>Wir haben keine Kontrolle \u00fcber die Entfernung von Cookies. Sie sollten daher entweder<a href=\"https:\/\/www.digitaltrends.com\/computing\/how-to-delete-cookies\/\" target=\"_blank\" rel=\"noopener\"> Ihre Cookies l\u00f6schen<\/a> und\/oder die Erfassung Ihrer Daten nicht zulassen, wenn die Zustimmungsmitteilung auf unserer Website erscheint. Alternativ k\u00f6nnen Sie auch ein Tool zum Blockieren von Werbung verwenden. Wir speichern erfasste Cookies 12 Monate lang.<\/p><h3 id=\"h-your-rights-to-your-data\" class=\"wp-block-heading\">Ihre Rechte an Ihren Daten<\/h3><p>Auf Anfrage stellen wir Ihnen gerne eine Liste der von uns \u00fcber Sie gespeicherten Daten zur Verf\u00fcgung.<\/p><p>Wir k\u00f6nnen Sie auffordern, uns durch amtliche Dokumente als rechtm\u00e4\u00dfigen Eigent\u00fcmer der Daten auszuweisen. So k\u00f6nnen wir sicherstellen, dass wir Ihre Daten nur an Sie und niemanden sonst weitergeben, mit Ausnahme von Strafverfolgungsbeh\u00f6rden im Rahmen der geltenden gesetzlichen Vorschriften.<\/p><p>Wir verpflichten uns, Ihre Anfrage zur L\u00f6schung oder Bearbeitung Ihrer bei uns gespeicherten Daten innerhalb eines Monats nach Eingang zu bearbeiten.<\/p><p>Auch wenn Sie sich nicht in der EU befinden, kommen wir Ihren Datenschutzanfragen nach.<\/p><p>Wir bewahren Ihre Daten bis zu zwei Jahre lang f\u00fcr Vertriebs- und Marketingzwecke auf und holen in diesem Zeitraum Ihre Einwilligung zur Speicherung ein.<\/p><h3 id=\"h-how-to-opt-out-nbsp\" class=\"wp-block-heading\">So deaktivieren Sie die Einwilligung<\/h3><p>Beim Besuch unserer Website werden Sie in einem Popup-Fenster gefragt, ob Sie die Verwendung von Cookies akzeptieren oder nicht. (Dieser Hinweis wird von unserem Werbepartner AdRoll bereitgestellt.)<\/p><p>Achten Sie bei Anzeigen von AdRoll auf das <a href=\"https:\/\/youradchoices.com\/\" target=\"_blank\" rel=\"noopener\">AdChoices <\/a>Logo (das blaue Dreieck) in der Ecke der Anzeige. Klicken Sie auf das Logo, um mehr \u00fcber interessenbasierte Werbung zu erfahren, zu erfahren, wer die Anzeige geschaltet hat, und um Ihre Anzeigenoptionen zu verwalten.<\/p><p>Sie k\u00f6nnen die Anzeige personalisierter Werbung von AdRoll auch mithilfe des Opt-out-Tools der <a href=\"https:\/\/optout.networkadvertising.org\/?c=1\" target=\"_blank\" rel=\"noopener\">Network Advertising Initiative<\/a> deaktivieren. Bitte beachten Sie, dass Ihnen auch nach der Deaktivierung weiterhin Werbung angezeigt wird, diese jedoch nicht von AdRoll personalisiert wird.<\/p><p>Einige alternative Opt-out-Tools von Drittanbietern:<br \/><a href=\"http:\/\/www.aboutads.info\/\" target=\"_blank\" rel=\"noopener\">Digital Advertising Alliance<\/a><br \/><a href=\"https:\/\/optout.networkadvertising.org\/?c=1\" target=\"_blank\" rel=\"noopener\">Network Advertising Initiative<\/a><\/p><p>\u00a0<\/p><h3 id=\"h-contact-us\" class=\"wp-block-heading\">Kontaktieren Sie uns<\/h3><p>Sie k\u00f6nnen uns jederzeit kontaktieren unter:<\/p><p>Huhtamaki CupPrint Ltd., Balleymaley Business Park, Ennis, Co. Clare, Irland, Tel. +353 65 686 8633 und \u00fcber <a href=\"mailto:communications@cupprint.com\">communications@cupprint.com<\/a><\/p>\t\t\t\t\t\t\t\t<\/div>\n\t\t\t\t<\/div>\n\t\t\t\t\t<\/div>\n\t\t\t\t<\/div>\n\t\t\t\t<\/div>\n\t\t","protected":false},"excerpt":{"rendered":"<p>DATENSCHUTZERKL\u00c4RUNG VON CUP PRINT EUROPE (Diese Erkl\u00e4rung wurde zuletzt am 25. Oktober 2019 aktualisiert und kann jederzeit ge\u00e4ndert werden.) Datenschutz von Huhtamaki CupPrint Ltd. Bitte beachten Sie auch die Huhtamaki-Datenschutzerkl\u00e4rung Cup Print respektiert Ihre Privatsph\u00e4re. Auf dieser Seite erfahren Sie, welche Daten wir auf unseren Websites erheben \u2013 und zu welchem \u200b\u200bZweck. Au\u00dferdem erfahren Sie, [&hellip;]<\/p>\n","protected":false},"author":2,"featured_media":0,"parent":0,"menu_order":0,"comment_status":"closed","ping_status":"closed","template":"elementor_header_footer","meta":{"_acf_changed":false,"inline_featured_image":false,"footnotes":""},"class_list":["post-2244","page","type-page","status-publish","hentry"],"acf":[],"_links":{"self":[{"href":"https:\/\/cupprintdev.wpenginepowered.com\/de\/wp-json\/wp\/v2\/pages\/2244","targetHints":{"allow":["GET"]}}],"collection":[{"href":"https:\/\/cupprintdev.wpenginepowered.com\/de\/wp-json\/wp\/v2\/pages"}],"about":[{"href":"https:\/\/cupprintdev.wpenginepowered.com\/de\/wp-json\/wp\/v2\/types\/page"}],"author":[{"embeddable":true,"href":"https:\/\/cupprintdev.wpenginepowered.com\/de\/wp-json\/wp\/v2\/users\/2"}],"replies":[{"embeddable":true,"href":"https:\/\/cupprintdev.wpenginepowered.com\/de\/wp-json\/wp\/v2\/comments?post=2244"}],"version-history":[{"count":0,"href":"https:\/\/cupprintdev.wpenginepowered.com\/de\/wp-json\/wp\/v2\/pages\/2244\/revisions"}],"wp:attachment":[{"href":"https:\/\/cupprintdev.wpenginepowered.com\/de\/wp-json\/wp\/v2\/media?parent=2244"}],"curies":[{"name":"wp","href":"https:\/\/api.w.org\/{rel}","templated":true}]}}